{"id":1390,"date":"2024-12-16T18:01:24","date_gmt":"2024-12-16T18:01:24","guid":{"rendered":"https:\/\/matibuli.de\/?post_type=product&#038;p=1390"},"modified":"2025-03-18T15:42:06","modified_gmt":"2025-03-18T14:42:06","slug":"leckerlibeutel-deluxe-mit-kotbeutelspender","status":"publish","type":"product","link":"https:\/\/www.matibuli.de\/en\/product\/leckerlibeutel-deluxe-mit-kotbeutelspender\/","title":{"rendered":"Deluxe Leckerlibeutel mit Kotbeutelspender"},"content":{"rendered":"<h3>Praktisches Design f\u00fcr Hundeliebhaber<\/h3>\n<p>Mit unserer stylischen Gassibag hast du alles Wichtige f\u00fcr euren gemeinsamen Spaziergang dabei. Dieser praktische Beutel l\u00e4sst sich bequem \u00fcber die Schulter werfen oder um die H\u00fcfte befestigen.<\/p>\n<h3>Flexible Anpassung<\/h3>\n<p>Der dazugeh\u00f6rige Schultergurt kann dank des praktischen Rings ideal auf die gew\u00fcnschte L\u00e4nge eingestellt werden. So sitzt die Tasche immer bequem, egal wie viel du mitnehmen m\u00f6chtest.<\/p>\n<h3>Vielseitige Aufbewahrungsm\u00f6glichkeiten<\/h3>\n<p>Die Gassibag bietet ausreichend Platz f\u00fcr die besten Leckerlis und l\u00e4sst sich sicher mit einem Kordelstopper verschlie\u00dfen. Au\u00dferdem gibt es einen geheimen Rei\u00dfverschluss, in dem du Kleingeld oder deinen Haust\u00fcrschl\u00fcssel verstauen kannst. Die spezielle \u00d6se erm\u00f6glicht ebenfalls die Unterbringung von Kotbeuteln.<\/p>\n","protected":false},"excerpt":{"rendered":"<p data-pm-slice=\"1 1 []\">Unsere handgefertigten <strong>Deluxe Leckerliebeutel<\/strong> sind die perfekte Kombination aus Funktionalit\u00e4t und Stil f\u00fcr jeden Hundebesitzer.<\/p>\n<p data-pm-slice=\"1 1 []\">Ob beim Training im Park, auf einer ausgedehnten Bergwanderung oder beim Stadtbummel \u2013 dieser Beutel ist immer an deiner Seite und sorgt daf\u00fcr, dass Leckerlies jederzeit griffbereit sind.<\/p>\n<p>Mit praktischem Verschluss, schneller Zug\u00e4nglichkeit zu Leckerlies und einer integrierten Kotbeutel\u00f6ffnung bietet er alles, was du f\u00fcr unterwegs brauchst. Durch robuste Materialien h\u00e4lt der Beutel jedem Abenteuer stand und bleibt dennoch ein echter Hingucker. Die vielen verschiedenen Designs sorgen daf\u00fcr, dass dein Deluxe Leckerliebeutel genauso individuell ist wie du und dein Hund.<\/p>\n","protected":false},"featured_media":1468,"comment_status":"open","ping_status":"closed","template":"","meta":{"_acf_changed":false},"product_brand":[],"product_cat":[53],"product_tag":[74,75,69,76],"class_list":{"0":"post-1390","1":"product","2":"type-product","3":"status-publish","4":"has-post-thumbnail","6":"product_cat-leckerlibeutel","7":"product_tag-exklusiv","8":"product_tag-extra-viel-platz","9":"product_tag-optional-bestickt","10":"product_tag-ueber-10-designs","11":"product_shipping_class-standard","13":"first","14":"instock","15":"sale","16":"shipping-taxable","17":"purchasable","18":"product-type-variable"},"acf":[],"_links":{"self":[{"href":"https:\/\/www.matibuli.de\/en\/wp-json\/wp\/v2\/product\/1390","targetHints":{"allow":["GET"]}}],"collection":[{"href":"https:\/\/www.matibuli.de\/en\/wp-json\/wp\/v2\/product"}],"about":[{"href":"https:\/\/www.matibuli.de\/en\/wp-json\/wp\/v2\/types\/product"}],"replies":[{"embeddable":true,"href":"https:\/\/www.matibuli.de\/en\/wp-json\/wp\/v2\/comments?post=1390"}],"wp:featuredmedia":[{"embeddable":true,"href":"https:\/\/www.matibuli.de\/en\/wp-json\/wp\/v2\/media\/1468"}],"wp:attachment":[{"href":"https:\/\/www.matibuli.de\/en\/wp-json\/wp\/v2\/media?parent=1390"}],"wp:term":[{"taxonomy":"product_brand","embeddable":true,"href":"https:\/\/www.matibuli.de\/en\/wp-json\/wp\/v2\/product_brand?post=1390"},{"taxonomy":"product_cat","embeddable":true,"href":"https:\/\/www.matibuli.de\/en\/wp-json\/wp\/v2\/product_cat?post=1390"},{"taxonomy":"product_tag","embeddable":true,"href":"https:\/\/www.matibuli.de\/en\/wp-json\/wp\/v2\/product_tag?post=1390"}],"curies":[{"name":"wp","href":"https:\/\/api.w.org\/{rel}","templated":true}]}}