{"id":1701,"date":"2024-12-19T18:56:52","date_gmt":"2024-12-19T18:56:52","guid":{"rendered":"https:\/\/matibuli.de\/?post_type=product&#038;p=1701"},"modified":"2025-03-18T15:47:06","modified_gmt":"2025-03-18T14:47:06","slug":"hundeleine-tauleine-special-edition","status":"publish","type":"product","link":"https:\/\/www.matibuli.de\/en\/product\/hundeleine-tauleine-special-edition\/","title":{"rendered":"Hundeleine Tauleine Special Edition"},"content":{"rendered":"<h4>Handgefertigte Qualit\u00e4t f\u00fcr deinen Liebling<\/h4>\n<p>Unsere 2m lange Matibuli Hundeleine aus hochwertigem Baumwolltau ist aus gutem Grund unser Verkaufsschlager! Robust, angenehm und stilvoll \u2013 der ideale Begleiter f\u00fcr dich und deinen Hund!<\/p>\n<h4>Individuelle Designs ganz nach deinem Geschmack<\/h4>\n<p>Du kannst die Tauleine ganz nach deinen W\u00fcnschen gestalten. W\u00e4hle aus verschiedenen Farben und Kombinationsm\u00f6glichkeiten, um ein einzigartiges Zubeh\u00f6r f\u00fcr deinen besten Freund zu schaffen. Mit dem praktischen Scherenkarabiner ist ein unkompliziertes Anbringen an deinem Hundegeschirr garantiert.<\/p>\n<h4>Warum du die Matibuli Hundeleine lieben wirst<\/h4>\n<p>Diese Hundeleine vereint Stil und Funktionalit\u00e4t. Das nat\u00fcrliche Material ist nicht nur langlebig, sondern auch umweltfreundlich. Verw\u00f6hne deinen Hund mit der Matibuli Hundeleine \u2013 die perfekte Mischung aus Komfort und eleganten Designs!<\/p>\n","protected":false},"excerpt":{"rendered":"<p>Gestalte deine ganz pers\u00f6nliche Hundeleine. Du kannst aus \u00fcber 1.000 Kombinationsm\u00f6glichkeiten ausw\u00e4hlen!<\/p>\n<p>Mit diesem treuen Begleiter seid ihr immer sicher und komfortabel unterwegs. Unser hochwertiges Tau aus Baumwolle bietet dir dabei stets ein angenehmes Handgef\u00fchl.<\/p>\n","protected":false},"featured_media":1708,"comment_status":"open","ping_status":"closed","template":"","meta":{"_acf_changed":false},"product_brand":[],"product_cat":[45],"product_tag":[79,62,64,80,68],"class_list":{"0":"post-1701","1":"product","2":"type-product","3":"status-publish","4":"has-post-thumbnail","6":"product_cat-leinen","7":"product_tag-doppelt-gefaerbt","8":"product_tag-extra-stabil","9":"product_tag-handgefertig","10":"product_tag-wunschkarabiner","11":"product_tag-zwei-groessen","12":"product_shipping_class-standard","14":"first","15":"instock","16":"shipping-taxable","17":"purchasable","18":"product-type-variable"},"acf":[],"_links":{"self":[{"href":"https:\/\/www.matibuli.de\/en\/wp-json\/wp\/v2\/product\/1701","targetHints":{"allow":["GET"]}}],"collection":[{"href":"https:\/\/www.matibuli.de\/en\/wp-json\/wp\/v2\/product"}],"about":[{"href":"https:\/\/www.matibuli.de\/en\/wp-json\/wp\/v2\/types\/product"}],"replies":[{"embeddable":true,"href":"https:\/\/www.matibuli.de\/en\/wp-json\/wp\/v2\/comments?post=1701"}],"wp:featuredmedia":[{"embeddable":true,"href":"https:\/\/www.matibuli.de\/en\/wp-json\/wp\/v2\/media\/1708"}],"wp:attachment":[{"href":"https:\/\/www.matibuli.de\/en\/wp-json\/wp\/v2\/media?parent=1701"}],"wp:term":[{"taxonomy":"product_brand","embeddable":true,"href":"https:\/\/www.matibuli.de\/en\/wp-json\/wp\/v2\/product_brand?post=1701"},{"taxonomy":"product_cat","embeddable":true,"href":"https:\/\/www.matibuli.de\/en\/wp-json\/wp\/v2\/product_cat?post=1701"},{"taxonomy":"product_tag","embeddable":true,"href":"https:\/\/www.matibuli.de\/en\/wp-json\/wp\/v2\/product_tag?post=1701"}],"curies":[{"name":"wp","href":"https:\/\/api.w.org\/{rel}","templated":true}]}}