{"id":41,"date":"2024-12-08T21:08:25","date_gmt":"2024-12-08T21:08:25","guid":{"rendered":"https:\/\/matibuli.de\/?post_type=product&#038;p=41"},"modified":"2025-03-18T15:46:24","modified_gmt":"2025-03-18T14:46:24","slug":"hundeleine-tauleine","status":"publish","type":"product","link":"https:\/\/www.matibuli.de\/en\/product\/hundeleine-tauleine\/","title":{"rendered":"Hundeleine Tauleine in Wunschfarbe selbst gestalten"},"content":{"rendered":"<div class=\"flex-shrink-0 flex flex-col relative items-end\">\n<div>\n<div class=\"pt-0\">\n<div class=\"gizmo-bot-avatar flex h-8 w-8 items-center justify-center overflow-hidden rounded-full\">\n<div class=\"relative p-1 rounded-sm flex items-center justify-center bg-token-main-surface-primary text-token-text-primary h-8 w-8\"><span style=\"font-family: -apple-system, BlinkMacSystemFont, 'Segoe UI', Roboto, 'Helvetica Neue', Arial, 'Noto Sans', sans-serif, 'Apple Color Emoji', 'Segoe UI Emoji', 'Segoe UI Symbol', 'Noto Color Emoji';\"><strong>Seit Jahren unser Verkaufsschlager: die Matibuli Hundeleine aus hochwertigem Baumwolltau!<\/strong> Das umweltfreundliche Material ist langlebig, selbst bei starker Zugkraft angenehm zu halten und \u00fcberzeugt durch seine zeitlose Sch\u00f6nheit. Der perfekte Begleiter f\u00fcr dich und deinen Hund!<\/span><\/div>\n<\/div>\n<\/div>\n<\/div>\n<\/div>\n<h4>Individuelle Designs ganz nach deinem Geschmack<\/h4>\n<p>Du kannst die Tauleine ganz nach deinen W\u00fcnschen gestalten. W\u00e4hle aus verschiedenen Farben und Kombinationsm\u00f6glichkeiten, um ein einzigartiges Zubeh\u00f6r f\u00fcr deinen besten Freund zu schaffen. Mit dem praktischen Scherenkarabiner ist ein unkompliziertes Anbringen an deinem Hundegeschirr oder Hundehalsband garantiert.<\/p>\n","protected":false},"excerpt":{"rendered":"<p>Gestalte deine ganz pers\u00f6nliche Hundeleine. Du kannst aus \u00fcber 1.000 Kombinationsm\u00f6glichkeiten ausw\u00e4hlen!<\/p>\n<p>Mit diesem treuen Begleiter seid ihr immer sicher und komfortabel unterwegs. Unser hochwertiges Tau aus Baumwolle bietet dir dabei stets ein angenehmes Handgef\u00fchl.<\/p>\n<ul>\n<li>Handgef\u00e4rbt<\/li>\n<li>So individuell wie dein Liebling<\/li>\n<li>Made in Germany<\/li>\n<li>Geschenkoptionen<\/li>\n<\/ul>\n<p><strong><br \/>\nMach deine Tauleine einzigartig<\/strong><\/p>\n<p>Jede Tauleine wird von Hand gef\u00e4rbt und zu einem echten Unikat \u2013 w\u00e4hle deine Lieblingsoption und mache sie zu etwas ganz Besonderem:<\/p>\n<ul>\n<li><strong>Natur:<\/strong> Ungef\u00e4rbtes Tau in seiner nat\u00fcrlichen, authentischen Optik<\/li>\n<li><strong>Einfarbig:<\/strong> Das Tau wird komplett in einer kr\u00e4ftigen Farbe eingef\u00e4rbt<\/li>\n<li><strong>Ombre-Look:<\/strong> Das Tau begeistert mit einem sanften Farbverlauf, der harmonisch von einer kr\u00e4ftigen Farbe in die nat\u00fcrliche Optik \u00fcbergeht<\/li>\n<li><strong>Zweifarbig:<\/strong> Das Tau kombiniert zwei Farben mit einem weichen \u00dcbergang, der f\u00fcr einen dynamischen und lebendigen Look sorgt<\/li>\n<\/ul>\n","protected":false},"featured_media":535,"comment_status":"open","ping_status":"closed","template":"","meta":{"_acf_changed":false},"product_brand":[],"product_cat":[45],"product_tag":[61,62,64,60,80,68],"class_list":{"0":"post-41","1":"product","2":"type-product","3":"status-publish","4":"has-post-thumbnail","6":"product_cat-leinen","7":"product_tag-bestseller","8":"product_tag-extra-stabil","9":"product_tag-handgefertig","10":"product_tag-wunschfarbe","11":"product_tag-wunschkarabiner","12":"product_tag-zwei-groessen","13":"product_shipping_class-standard","15":"first","16":"instock","17":"shipping-taxable","18":"purchasable","19":"product-type-simple"},"acf":[],"_links":{"self":[{"href":"https:\/\/www.matibuli.de\/en\/wp-json\/wp\/v2\/product\/41","targetHints":{"allow":["GET"]}}],"collection":[{"href":"https:\/\/www.matibuli.de\/en\/wp-json\/wp\/v2\/product"}],"about":[{"href":"https:\/\/www.matibuli.de\/en\/wp-json\/wp\/v2\/types\/product"}],"replies":[{"embeddable":true,"href":"https:\/\/www.matibuli.de\/en\/wp-json\/wp\/v2\/comments?post=41"}],"wp:featuredmedia":[{"embeddable":true,"href":"https:\/\/www.matibuli.de\/en\/wp-json\/wp\/v2\/media\/535"}],"wp:attachment":[{"href":"https:\/\/www.matibuli.de\/en\/wp-json\/wp\/v2\/media?parent=41"}],"wp:term":[{"taxonomy":"product_brand","embeddable":true,"href":"https:\/\/www.matibuli.de\/en\/wp-json\/wp\/v2\/product_brand?post=41"},{"taxonomy":"product_cat","embeddable":true,"href":"https:\/\/www.matibuli.de\/en\/wp-json\/wp\/v2\/product_cat?post=41"},{"taxonomy":"product_tag","embeddable":true,"href":"https:\/\/www.matibuli.de\/en\/wp-json\/wp\/v2\/product_tag?post=41"}],"curies":[{"name":"wp","href":"https:\/\/api.w.org\/{rel}","templated":true}]}}