{"id":538,"date":"2024-12-12T19:09:08","date_gmt":"2024-12-12T19:09:08","guid":{"rendered":"https:\/\/matibuli.de\/?post_type=product&#038;p=538"},"modified":"2026-03-18T21:57:55","modified_gmt":"2026-03-18T20:57:55","slug":"futternapf-mit-namen-oder-wunschtext-selbst-gestalten","status":"publish","type":"product","link":"https:\/\/www.matibuli.de\/en\/product\/futternapf-mit-namen-oder-wunschtext-selbst-gestalten\/","title":{"rendered":"Futternapf mit Namen oder Wunschtext selbst gestalten"},"content":{"rendered":"","protected":false},"excerpt":{"rendered":"<p>F\u00fcr stilvolles Schlemmen \u2013 selbst f\u00fcr kleine Wildschweine: Unser Keramik-Futternapf mit abnehmbarem Bambusgestell sorgt f\u00fcr die perfekte Fressh\u00f6he und bleibt dabei immer standfest. Ein praktischer Hingucker f\u00fcr jedes Zuhause.<\/p>\n<p>Dank Wunschtext wird der Napf zum individuellen Highlight \u2013 perfekt f\u00fcr dein eigenes Haustier oder als pers\u00f6nliches Geschenk. Funktional, sch\u00f6n und garantiert einzigartig!<\/p>\n","protected":false},"featured_media":539,"comment_status":"open","ping_status":"closed","template":"","meta":{"_acf_changed":false},"product_brand":[],"product_cat":[51],"product_tag":[67,60,66,68],"class_list":{"0":"post-538","1":"product","2":"type-product","3":"status-publish","4":"has-post-thumbnail","6":"product_cat-futternaepfe","7":"product_tag-keramik","8":"product_tag-wunschfarbe","9":"product_tag-wunschtext","10":"product_tag-zwei-groessen","11":"product_shipping_class-standard","13":"first","14":"instock","15":"sale","16":"shipping-taxable","17":"purchasable","18":"product-type-variable"},"acf":[],"_links":{"self":[{"href":"https:\/\/www.matibuli.de\/en\/wp-json\/wp\/v2\/product\/538","targetHints":{"allow":["GET"]}}],"collection":[{"href":"https:\/\/www.matibuli.de\/en\/wp-json\/wp\/v2\/product"}],"about":[{"href":"https:\/\/www.matibuli.de\/en\/wp-json\/wp\/v2\/types\/product"}],"replies":[{"embeddable":true,"href":"https:\/\/www.matibuli.de\/en\/wp-json\/wp\/v2\/comments?post=538"}],"wp:featuredmedia":[{"embeddable":true,"href":"https:\/\/www.matibuli.de\/en\/wp-json\/wp\/v2\/media\/539"}],"wp:attachment":[{"href":"https:\/\/www.matibuli.de\/en\/wp-json\/wp\/v2\/media?parent=538"}],"wp:term":[{"taxonomy":"product_brand","embeddable":true,"href":"https:\/\/www.matibuli.de\/en\/wp-json\/wp\/v2\/product_brand?post=538"},{"taxonomy":"product_cat","embeddable":true,"href":"https:\/\/www.matibuli.de\/en\/wp-json\/wp\/v2\/product_cat?post=538"},{"taxonomy":"product_tag","embeddable":true,"href":"https:\/\/www.matibuli.de\/en\/wp-json\/wp\/v2\/product_tag?post=538"}],"curies":[{"name":"wp","href":"https:\/\/api.w.org\/{rel}","templated":true}]}}