{"id":612,"date":"2024-12-13T08:39:42","date_gmt":"2024-12-13T08:39:42","guid":{"rendered":"https:\/\/matibuli.de\/?post_type=product&#038;p=612"},"modified":"2025-01-06T10:41:31","modified_gmt":"2025-01-06T09:41:31","slug":"bestickbares-bandana-hundehalstuch-eukalyptus","status":"publish","type":"product","link":"https:\/\/www.matibuli.de\/en\/product\/bestickbares-bandana-hundehalstuch-eukalyptus\/","title":{"rendered":"Bestickbares Bandana Hundehalstuch Eukalyptus zum knoten"},"content":{"rendered":"<h5>Darum sind unsere Hundehalst\u00fccher eine gro\u00dfartige Wahl f\u00fcr deinen Hund<\/h5>\n<p>Jedes Halstuch wird sorgf\u00e4ltig von Hand gefertigt und individuell nach deinen W\u00fcnschen gestaltet.<\/p>\n<p>Wir verwenden nur weichen und atmungsaktiven Musselin Baumwollstoff f\u00fcr maximalen Komfort und eine perfekte Passform.<\/p>\n<p>Bestelle jetzt dein personalisiertes Hundehalstuch von Matibuli, dein Hund wird es lieben!<\/p>\n<p>Mit unseren Hundehalst\u00fcchern unterst\u00fctzt du nicht nur ein kleines Unternehmen, sondern auch echte Handwerkskunst. Ein perfektes Geschenk f\u00fcr jeden Hundeliebhaber!<\/p>\n<ul>\n<li aria-level=\"1\">Handgefertigt f\u00fcr eine einzigartige Note<\/li>\n<li aria-level=\"1\">Personalisiert und individuell gestaltet f\u00fcr einen einzigartigen Look<\/li>\n<li aria-level=\"1\">Weicher, atmungsaktiver Musselin Baumwollstoff<\/li>\n<li aria-level=\"1\">Strapazierf\u00e4hig und langlebig<\/li>\n<li aria-level=\"1\">Perfekt f\u00fcr den t\u00e4glichen Gebrauch und besondere Anl\u00e4sse<\/li>\n<li aria-level=\"1\">Pflegeleicht: Maschinenwaschbar bei 30\u00b0, nicht trocknergeeignet<\/li>\n<li aria-level=\"1\">Unterst\u00fctze ein kleines Unternehmen und Handwerkskunst<\/li>\n<li aria-level=\"1\">Liebevolles Geschenk<\/li>\n<li aria-level=\"1\">Exklusives und einzigartig<\/li>\n<li aria-level=\"1\">Einfache Handhabung<\/li>\n<\/ul>\n","protected":false},"excerpt":{"rendered":"<p>Inspiriert von der ruhigen Eleganz der Natur, f\u00e4ngt dieses Hundehalstuch die Harmonie und Frische eines Waldspaziergangs ein. Mit seinen zarten Gr\u00fcnt\u00f6nen passt es perfekt zu Hunden, die gerne drau\u00dfen unterwegs sind \u2013 ob im Wald, auf der Wiese oder am See.<\/p>\n<p>Unser Hundehalstuch aus hochwertigem Musselin-Stoff vereint Stil, Komfort und Funktionalit\u00e4t und ist damit ideal f\u00fcr Spazierg\u00e4nge oder besondere Anl\u00e4sse. Es ist in drei Varianten erh\u00e4ltlich und kann optional mit Namen oder Wunschtext personalisiert werden. <strong>W\u00e4hle zwischen einem wendbaren Design f\u00fcr vielseitige Looks oder einem Vollmuster f\u00fcr einen durchg\u00e4ngigen Stil.<\/strong><\/p>\n<p><strong>\u00a0Gr\u00f6\u00dfenerkl\u00e4rung: (HU = Halsumfang)<\/strong><\/p>\n<ul>\n<li><strong>S<\/strong>\u00a0(HU bis ca. 35 cm):<br \/>\nPassend f\u00fcr kleine Hunde wie\u00a0<strong>Chihuahua<\/strong>,\u00a0<strong>Yorkshire Terrier<\/strong><\/li>\n<li><strong>M<\/strong>\u00a0(HU bis ca. 41 cm):<br \/>\nPassend f\u00fcr mittelgro\u00dfe Hunde wie\u00a0<strong>Franz\u00f6sische Bulldogge<\/strong>,\u00a0<strong>Cocker Spaniel<\/strong>\u00a0oder\u00a0<strong>Standard-Dackel<\/strong><\/li>\n<li><strong>L<\/strong>\u00a0(HU bis ca. 60 cm):<br \/>\nPassend f\u00fcr gro\u00dfe Hunde wie\u00a0<strong>Labrador Retriever<\/strong>\u00a0oder\u00a0<strong>Golden Retriever<\/strong><\/li>\n<li><strong>XL<\/strong>\u00a0(HU \u00fcber 60 cm):<br \/>\nPassend f\u00fcr extra gro\u00dfe Hunde wie\u00a0<strong>Deutscher Sch\u00e4ferhund<\/strong>\u00a0oder\u00a0<strong>Bernhardiner<\/strong><\/li>\n<\/ul>\n","protected":false},"featured_media":627,"comment_status":"open","ping_status":"closed","template":"","meta":{"_acf_changed":false},"product_brand":[],"product_cat":[52],"product_tag":[71,70,72,69],"class_list":{"0":"post-612","1":"product","2":"type-product","3":"status-publish","4":"has-post-thumbnail","6":"product_cat-halstuecher","7":"product_tag-3-varianten","8":"product_tag-4-groessen","9":"product_tag-musselin","10":"product_tag-optional-bestickt","11":"product_shipping_class-standard","13":"first","14":"instock","15":"shipping-taxable","16":"purchasable","17":"product-type-simple"},"acf":[],"_links":{"self":[{"href":"https:\/\/www.matibuli.de\/en\/wp-json\/wp\/v2\/product\/612","targetHints":{"allow":["GET"]}}],"collection":[{"href":"https:\/\/www.matibuli.de\/en\/wp-json\/wp\/v2\/product"}],"about":[{"href":"https:\/\/www.matibuli.de\/en\/wp-json\/wp\/v2\/types\/product"}],"replies":[{"embeddable":true,"href":"https:\/\/www.matibuli.de\/en\/wp-json\/wp\/v2\/comments?post=612"}],"wp:featuredmedia":[{"embeddable":true,"href":"https:\/\/www.matibuli.de\/en\/wp-json\/wp\/v2\/media\/627"}],"wp:attachment":[{"href":"https:\/\/www.matibuli.de\/en\/wp-json\/wp\/v2\/media?parent=612"}],"wp:term":[{"taxonomy":"product_brand","embeddable":true,"href":"https:\/\/www.matibuli.de\/en\/wp-json\/wp\/v2\/product_brand?post=612"},{"taxonomy":"product_cat","embeddable":true,"href":"https:\/\/www.matibuli.de\/en\/wp-json\/wp\/v2\/product_cat?post=612"},{"taxonomy":"product_tag","embeddable":true,"href":"https:\/\/www.matibuli.de\/en\/wp-json\/wp\/v2\/product_tag?post=612"}],"curies":[{"name":"wp","href":"https:\/\/api.w.org\/{rel}","templated":true}]}}